{"id":2583,"date":"2016-03-15T17:11:25","date_gmt":"2016-03-15T13:11:25","guid":{"rendered":"http:\/\/faune-reunion.com\/blog\/?page_id=2583"},"modified":"2018-07-26T10:12:45","modified_gmt":"2018-07-26T06:12:45","slug":"les-oiseaux-nicheurs-de-la-reunion","status":"publish","type":"page","link":"https:\/\/faune-reunion.com\/blog\/les-oiseaux-nicheurs-de-la-reunion\/","title":{"rendered":"Les oiseaux nicheurs"},"content":{"rendered":"<p>Voici une liste exhaustive des oiseaux qui nichent \u00e0 La R\u00e9union, soit 40 esp\u00e8ces :<br \/>\nNom cr\u00e9ole &#8211; nom fran\u00e7ais (nom latin &#8211; english name)<\/p>\n<p>&nbsp;<\/p>\n<p><img loading=\"lazy\" decoding=\"async\" class=\"size-full wp-image-2584 alignleft\" src=\"http:\/\/faune-reunion.com\/blog\/wp-content\/uploads\/2016\/11\/coutil.jpg\" alt=\"coutil - Capucin damier - Lonchura punctulata - Scaly-breasted Munia\" width=\"126\" height=\"125\"><\/p>\n<p>Coutil &#8211; Capucin damier (Lonchura punctulata &#8211; Scaly-breasted Munia)<\/p>\n<p>&nbsp;<\/p>\n<p>&nbsp;<\/p>\n<p><img loading=\"lazy\" decoding=\"async\" class=\"size-full wp-image-2585 alignleft\" src=\"http:\/\/faune-reunion.com\/blog\/wp-content\/uploads\/2016\/11\/faisan.jpg\" alt=\"Faisan de Colchide - Phasianus colchicus\" width=\"126\" height=\"125\"><\/p>\n<p>Faisan de Colchide (Phasianus colchicus &#8211; Common Pheasant)<\/p>\n<p>&nbsp;<\/p>\n<p>&nbsp;<\/p>\n<p><img loading=\"lazy\" decoding=\"async\" class=\"size-full wp-image-2586 alignleft\" src=\"http:\/\/faune-reunion.com\/blog\/wp-content\/uploads\/2016\/11\/francolin-gris.jpg\" alt=\"perdrix (Francolin gris Perdrix - Francolinus pondicerianus)\" width=\"126\" height=\"125\"><\/p>\n<p>Perdrix &#8211; Francolin gris (Francolinus pondicerianus &#8211; Grey Francolin)<\/p>\n<p>&nbsp;<\/p>\n<p>&nbsp;<\/p>\n<p><img loading=\"lazy\" decoding=\"async\" class=\"size-full wp-image-2587 alignleft\" src=\"http:\/\/faune-reunion.com\/blog\/wp-content\/uploads\/2016\/11\/heron-strie.jpg\" alt=\"H\u00e9ron stri\u00e9 - Butorides striata rutenbergi\" width=\"126\" height=\"125\"><\/p>\n<p>H\u00e9ron stri\u00e9 -Butorides striata &#8211; Striated Heron)<\/p>\n<p>&nbsp;<\/p>\n<p>&nbsp;<\/p>\n<p><img loading=\"lazy\" decoding=\"async\" class=\"size-full wp-image-2588 alignleft\" src=\"http:\/\/faune-reunion.com\/blog\/wp-content\/uploads\/2016\/11\/hirondelle.jpg\" alt=\"Hirondelle de Bourbon - Phedina borbonica\" width=\"126\" height=\"125\"><\/p>\n<p>Hirondelle de Bourbon (Phedina borbonica &#8211; Mascarene Martin)<\/p>\n<p>&nbsp;<\/p>\n<p>&nbsp;<\/p>\n<p><img loading=\"lazy\" decoding=\"async\" class=\"size-full wp-image-2590 alignleft\" src=\"http:\/\/faune-reunion.com\/blog\/wp-content\/uploads\/2016\/11\/martin.jpg\" alt=\"Martin triste - Acridotheres tristis\" width=\"126\" height=\"125\"><\/p>\n<p>Martin triste (Acridotheres tristis &#8211; Common Myna)<\/p>\n<p>&nbsp;<\/p>\n<p>&nbsp;<\/p>\n<p><img loading=\"lazy\" decoding=\"async\" class=\"size-full wp-image-2591 alignleft\" src=\"http:\/\/faune-reunion.com\/blog\/wp-content\/uploads\/2016\/11\/merle-maurice.jpg\" alt=\"merle maurice - Bulbul orph\u00e9e - Pycnonotus jocosus emeria\" width=\"126\" height=\"125\"><\/p>\n<p>Merle maurice &#8211; Bulbul orph\u00e9e (Pycnonotus jocosus emeria &#8211; Red-whiskered Bulbul)<\/p>\n<p>&nbsp;<\/p>\n<p>&nbsp;<\/p>\n<p><img loading=\"lazy\" decoding=\"async\" class=\"size-full wp-image-2592 alignleft\" src=\"http:\/\/faune-reunion.com\/blog\/wp-content\/uploads\/2016\/11\/merle-pei.jpg\" alt=\"merle pei - Bulbul de la R\u00e9union - Hypsipetes borbonicus\" width=\"126\" height=\"125\"><\/p>\n<p>Merle pei &#8211; Bulbul de bourbon (Hypsipetes borbonicus &#8211; Reunion Bulbul)<\/p>\n<p>&nbsp;<\/p>\n<p>&nbsp;<\/p>\n<p><img loading=\"lazy\" decoding=\"async\" class=\"size-full wp-image-2593 alignleft\" src=\"http:\/\/faune-reunion.com\/blog\/wp-content\/uploads\/2016\/11\/moineau.jpg\" alt=\"Moineau domestique - Passer domesticus\" width=\"126\" height=\"125\"><\/p>\n<p>Moineau domestique (Passer domesticus &#8211; House Sparrow)<\/p>\n<p>&nbsp;<\/p>\n<p>&nbsp;<\/p>\n<p><img loading=\"lazy\" decoding=\"async\" class=\"size-full wp-image-2594 alignleft\" src=\"http:\/\/faune-reunion.com\/blog\/wp-content\/uploads\/2016\/11\/moutardier.jpg\" alt=\"moutardier - Serin du Cap - Serinus canicollis\" width=\"126\" height=\"125\"><\/p>\n<p>Moutardier &#8211; Serin du Cap (Serinus canicollis &#8211; Cape Canary)<\/p>\n<p>&nbsp;<\/p>\n<p>&nbsp;<\/p>\n<p><img loading=\"lazy\" decoding=\"async\" class=\"size-full wp-image-2595 alignleft\" src=\"http:\/\/faune-reunion.com\/blog\/wp-content\/uploads\/2016\/11\/noddi.jpg\" alt=\"Noddi brun - Anous stolidus - Brown Noddy\" width=\"126\" height=\"125\">Noddi brun (Anous stolidus &#8211; Brown Noddy)<\/p>\n<p>&nbsp;<\/p>\n<p>&nbsp;<\/p>\n<p><img loading=\"lazy\" decoding=\"async\" class=\"size-full wp-image-2596 alignleft\" src=\"http:\/\/faune-reunion.com\/blog\/wp-content\/uploads\/2016\/11\/oiseau-blanc.jpg\" alt=\"Oiseau blanc - - Zost\u00e9rops des Mascareignes (Zosterops borbonicus - Reunion Grey White-eye)\" width=\"126\" height=\"125\"><\/p>\n<p>Oiseau blanc &#8211; Zost\u00e9rops des Mascareignes (Zosterops borbonicus &#8211; Reunion Grey White-eye)<\/p>\n<p>&nbsp;<\/p>\n<p><img loading=\"lazy\" decoding=\"async\" class=\"size-full wp-image-2597 alignleft\" src=\"http:\/\/faune-reunion.com\/blog\/wp-content\/uploads\/2016\/11\/oiseau-lunettes-vert.jpg\" alt=\"oiseau-lunettes vert - Zost\u00e9rops des Mascareignes - Zosterops borbonicus - Reunion Grey White-eye\" width=\"126\" height=\"125\">Oiseau-lunettes vert &#8211; Zost\u00e9rops de la R\u00e9union (Zosterops olivaceus &#8211; Reunion Olive White-eye)<\/p>\n<p>&nbsp;<\/p>\n<p>&nbsp;<\/p>\n<p><img loading=\"lazy\" decoding=\"async\" class=\"size-full wp-image-2598 alignleft\" src=\"http:\/\/faune-reunion.com\/blog\/wp-content\/uploads\/2016\/11\/paille-en-queue.jpg\" alt=\"paille-en-queue - Pha\u00e9ton \u00e0 bec jaune - Phaethon lepturus - White-tailed Tropicbird\" width=\"126\" height=\"125\"><\/p>\n<p><a href=\"http:\/\/faune-reunion.com\/blog\/faune\/nggallery\/faune\/paille-en-queue\">Paille-en-queue<\/a> &#8211; Pha\u00e9ton \u00e0 bec jaune (Phaethon lepturus &#8211; White-tailed Tropicbird)<\/p>\n<p>&nbsp;<\/p>\n<p>&nbsp;<\/p>\n<p><img loading=\"lazy\" decoding=\"async\" class=\"size-full wp-image-2599 alignleft\" src=\"http:\/\/faune-reunion.com\/blog\/wp-content\/uploads\/2016\/11\/papangue.jpg\" alt=\"Papangue - Busard de Maillard - Circus maillardi - Reunion Harrier\" width=\"126\" height=\"125\"><\/p>\n<p>Papangue &#8211; Busard de Maillard (Circus maillardi &#8211; Reunion Harrier)<\/p>\n<p>&nbsp;<\/p>\n<p>&nbsp;<\/p>\n<p><img loading=\"lazy\" decoding=\"async\" class=\"size-full wp-image-2600 alignleft\" src=\"http:\/\/faune-reunion.com\/blog\/wp-content\/uploads\/2016\/11\/perdrix-malgache.jpg\" alt=\"Francolin - Perdrix de Madagascar - Margaroperdix madagarensis - Madagascan Partridge\" width=\"126\" height=\"125\"><\/p>\n<p>Francolin &#8211; Perdrix de Madagascar (Margaroperdix madagarensis &#8211; Madagascan Partridge)<\/p>\n<p>&nbsp;<\/p>\n<p>&nbsp;<\/p>\n<p><img loading=\"lazy\" decoding=\"async\" class=\"size-full wp-image-2602 alignleft\" src=\"http:\/\/faune-reunion.com\/blog\/wp-content\/uploads\/2016\/11\/petrel.jpg\" alt=\"P\u00e9trel - P\u00e9trel de Barau - Pterodroma baraui - Barau's Petrel\" width=\"126\" height=\"125\"><\/p>\n<p><a href=\"http:\/\/faune-reunion.com\/blog\/faune\/nggallery\/faune\/petrel-de-barau\">P\u00e9trel<\/a> &#8211; P\u00e9trel de Barau (Pterodroma baraui &#8211; Barau&rsquo;s Petrel)<\/p>\n<p>&nbsp;<\/p>\n<p>&nbsp;<\/p>\n<p><img loading=\"lazy\" decoding=\"async\" class=\"size-full wp-image-2603 alignleft\" src=\"http:\/\/faune-reunion.com\/blog\/wp-content\/uploads\/2016\/11\/petrel-noir.jpg\" alt=\"v\" width=\"126\" height=\"125\"><\/p>\n<p>P\u00e9trel noir &#8211; P\u00e9trel de Bourbon (Pseudobulweria aterrima &#8211; Mascarene Petrel)<\/p>\n<p>&nbsp;<\/p>\n<p><img loading=\"lazy\" decoding=\"async\" class=\"size-full wp-image-2604 alignleft\" src=\"http:\/\/faune-reunion.com\/blog\/wp-content\/uploads\/2016\/11\/pigeon.jpg\" alt=\"Pigeon - Pigeon biset - Columba livia - Rock Dove\" width=\"126\" height=\"125\"><\/p>\n<p>Pigeon &#8211; Pigeon biset (Columba livia &#8211; Rock Dove)<\/p>\n<p>&nbsp;<\/p>\n<p>&nbsp;<\/p>\n<p><img loading=\"lazy\" decoding=\"async\" class=\"size-full wp-image-2605 alignleft\" src=\"http:\/\/faune-reunion.com\/blog\/wp-content\/uploads\/2016\/11\/pouledeau.jpg\" alt=\"Poule d'eau - Gallinule poule-d'eau - Gallinula chloropus - Common Moorhen\" width=\"126\" height=\"125\"><\/p>\n<p>Poule d&rsquo;eau &#8211; Gallinule poule-d&rsquo;eau (Gallinula chloropus &#8211; Common Moorhen)<\/p>\n<p>&nbsp;<\/p>\n<p>&nbsp;<\/p>\n<p><img loading=\"lazy\" decoding=\"async\" class=\"size-full wp-image-2606 alignleft\" src=\"http:\/\/faune-reunion.com\/blog\/wp-content\/uploads\/2016\/11\/puffin-pacifique.jpg\" alt=\"Puffin fouquet - Puffinus pacificus - Wedge-tailed Shearwater\" width=\"126\" height=\"125\"><\/p>\n<p>Puffin fouquet &#8211; Puffinus pacificus (Wedge-tailed Shearwater)<\/p>\n<p>&nbsp;<\/p>\n<p>&nbsp;<\/p>\n<p><img loading=\"lazy\" decoding=\"async\" class=\"size-full wp-image-2607 alignleft\" src=\"http:\/\/faune-reunion.com\/blog\/wp-content\/uploads\/2016\/11\/puffin-tropical.jpg\" alt=\"Puffin Tropical - Puffinus bailloni - Tropical Shearwater\" width=\"126\" height=\"125\"><\/p>\n<p>Puffin Tropical (Puffinus bailloni &#8211; Tropical Shearwater)<\/p>\n<p>&nbsp;<\/p>\n<p>&nbsp;<\/p>\n<p><img loading=\"lazy\" decoding=\"async\" class=\"size-full wp-image-2608 alignleft\" src=\"http:\/\/faune-reunion.com\/blog\/wp-content\/uploads\/2016\/11\/ramier.jpg\" alt=\"Ramier - Pigeon de Madagascar - Nesoenas picturata - Malagasy Turtle Dove\" width=\"126\" height=\"125\"><\/p>\n<p>Ramier &#8211; Pigeon de Madagascar (Nesoenas picturata &#8211; Malagasy Turtle Dove)<\/p>\n<p>&nbsp;<\/p>\n<p><img loading=\"lazy\" decoding=\"async\" class=\"size-full wp-image-2609 alignleft\" src=\"http:\/\/faune-reunion.com\/blog\/wp-content\/uploads\/2016\/11\/rossignol.jpg\" alt=\"Rossignol du Japon - L\u00e9iothrix jaune - Leiothrix lutea - Red-billed Leiothrix\" width=\"126\" height=\"125\"><\/p>\n<p>Rossignol du Japon &#8211; L\u00e9iothrix jaune (Leiothrix lutea &#8211; Red-billed Leiothrix)<\/p>\n<p>&nbsp;<\/p>\n<p>&nbsp;<\/p>\n<p><img loading=\"lazy\" decoding=\"async\" class=\"size-full wp-image-2610 alignleft\" src=\"http:\/\/faune-reunion.com\/blog\/wp-content\/uploads\/2016\/11\/salangane.jpg\" alt=\"Salangane - Salangane des Mascareignes - Aerodramus francicus - Mascarene Swiftlet\" width=\"126\" height=\"125\"><\/p>\n<p>Salangane &#8211; Salangane des Mascareignes (Aerodramus francicus &#8211; Mascarene Swiftlet)<\/p>\n<p>&nbsp;<\/p>\n<p><img loading=\"lazy\" decoding=\"async\" class=\"size-full wp-image-2611 alignleft\" src=\"http:\/\/faune-reunion.com\/blog\/wp-content\/uploads\/2016\/11\/serin-pei.jpg\" alt=\"Serin p\u00e9i - Serin du Mozambique - Crithagra mozambica - Yellow-fronted Canary\" width=\"126\" height=\"125\"><\/p>\n<p>Serin p\u00e9i &#8211; Serin du Mozambique (Crithagra mozambica &#8211; Yellow-fronted Canary)<\/p>\n<p>&nbsp;<\/p>\n<p><img loading=\"lazy\" decoding=\"async\" class=\"size-full wp-image-2612 alignleft\" src=\"http:\/\/faune-reunion.com\/blog\/wp-content\/uploads\/2016\/11\/tec-tec.jpg\" alt=\"Tec-tec - Tarier de la R\u00e9union - Saxicola tectes - Reunion Stonechat\" width=\"126\" height=\"125\"><\/p>\n<p>Tec-tec &#8211; Tarier de la R\u00e9union (Saxicola tectes &#8211; Reunion Stonechat)<\/p>\n<p>&nbsp;<\/p>\n<p>&nbsp;<\/p>\n<p><img loading=\"lazy\" decoding=\"async\" class=\"size-full wp-image-2613 alignleft\" src=\"http:\/\/faune-reunion.com\/blog\/wp-content\/uploads\/2016\/11\/tourterelle-pei.jpg\" alt=\"Tourterelle p\u00e9i - G\u00e9op\u00e9lie z\u00e9br\u00e9e- Geopelia striata - Zebra Dove\" width=\"126\" height=\"125\"><\/p>\n<p>Tourterelle p\u00e9i &#8211; G\u00e9op\u00e9lie z\u00e9br\u00e9e (Geopelia striata &#8211; Zebra Dove)<\/p>\n<p>&nbsp;<\/p>\n<p>&nbsp;<\/p>\n<p><img loading=\"lazy\" decoding=\"async\" class=\"size-full wp-image-2614 alignleft\" src=\"http:\/\/faune-reunion.com\/blog\/wp-content\/uploads\/2016\/11\/travailleur.jpg\" alt=\"Travailleur \u00e0 bec rouge - Quelea quelea - Red-billed Quelea\" width=\"126\" height=\"125\"><\/p>\n<p>Travailleur \u00e0 bec rouge (Quelea quelea &#8211; Red-billed Quelea)<\/p>\n<p>&nbsp;<\/p>\n<p>&nbsp;<\/p>\n<p><img loading=\"lazy\" decoding=\"async\" class=\"size-full wp-image-2615 alignleft\" src=\"http:\/\/faune-reunion.com\/blog\/wp-content\/uploads\/2016\/11\/tuit-tuit.jpg\" alt=\"Tuit-tuit - \u00c9chenilleur de La R\u00e9union - Coracina newtoni - Reunion Cuckooshrike\" width=\"126\" height=\"125\"><\/p>\n<p>Tuit-tuit &#8211; \u00c9chenilleur de La R\u00e9union (Coracina newtoni &#8211; Reunion Cuckooshrike)<\/p>\n<p>&nbsp;<\/p>\n<p><img loading=\"lazy\" decoding=\"async\" class=\"size-full wp-image-2616 alignleft\" src=\"http:\/\/faune-reunion.com\/blog\/wp-content\/uploads\/2016\/11\/veuve.jpg\" alt=\"Veuve - veuve dominicaine - Vidua macroura - Pin-tailed Whydah\" width=\"126\" height=\"125\"><\/p>\n<p>Veuve &#8211; veuve dominicaine (Vidua macroura &#8211; Pin-tailed Whydah)<\/p>\n<p>&nbsp;<\/p>\n<p>&nbsp;<\/p>\n<p><img loading=\"lazy\" decoding=\"async\" class=\"size-full wp-image-2617 alignleft\" src=\"http:\/\/faune-reunion.com\/blog\/wp-content\/uploads\/2016\/11\/bec-rose.jpg\" alt=\"Bec rose - Astrild ondul\u00e9 - Estrilda astrild - Common Waxbill\" width=\"126\" height=\"125\"><\/p>\n<p>Bec rose &#8211; Astrild ondul\u00e9 (Estrilda astrild &#8211; Common Waxbill)<\/p>\n<p>&nbsp;<\/p>\n<p>&nbsp;<\/p>\n<p><img loading=\"lazy\" decoding=\"async\" class=\"size-full wp-image-2618 alignleft\" src=\"http:\/\/faune-reunion.com\/blog\/wp-content\/uploads\/2016\/11\/bellier.jpg\" alt=\"Bellier - Tisserin gendarme - Ploceus cucullatus - Village Weaver\" width=\"126\" height=\"125\"><\/p>\n<p>Bellier &#8211; Tisserin gendarme (Ploceus cucullatus &#8211; Village Weaver)<\/p>\n<p>&nbsp;<\/p>\n<p><img loading=\"lazy\" decoding=\"async\" class=\"size-full wp-image-2619 alignleft\" src=\"http:\/\/faune-reunion.com\/blog\/wp-content\/uploads\/2016\/11\/caille-inde.jpg\" alt=\"Caille de l'Inde - Perdicule rousse-gorge - Perdicula asiatica - Jungle Bush Quail\" width=\"126\" height=\"125\"><\/p>\n<p>Caille de l&rsquo;Inde &#8211; Perdicule rousse-gorge (Perdicula asiatica &#8211; Jungle Bush Quail)<\/p>\n<p>&nbsp;<\/p>\n<p>&nbsp;<\/p>\n<p><img loading=\"lazy\" decoding=\"async\" class=\"size-full wp-image-2620 alignleft\" src=\"http:\/\/faune-reunion.com\/blog\/wp-content\/uploads\/2016\/11\/caille-patate.jpg\" alt=\"Caille patate - Caille des bl\u00e9s - Coturnix coturnix - Common Quail\" width=\"126\" height=\"125\"><\/p>\n<p>Caille patate &#8211; Caille des bl\u00e9s (Coturnix coturnix &#8211; Common Quail)<\/p>\n<p>&nbsp;<\/p>\n<p>&nbsp;<\/p>\n<p><img loading=\"lazy\" decoding=\"async\" class=\"size-full wp-image-2621 alignleft\" src=\"http:\/\/faune-reunion.com\/blog\/wp-content\/uploads\/2016\/11\/caille-pei.jpg\" alt=\"Caille P\u00e9i - Turnix de Madagascar - Turnix nigricollis - Madagascan Buttonquail\" width=\"126\" height=\"125\"><\/p>\n<p>Caille P\u00e9i &#8211; Turnix de Madagascar (Turnix nigricollis &#8211; Madagascan Buttonquail)<\/p>\n<p>&nbsp;<\/p>\n<p><img loading=\"lazy\" decoding=\"async\" class=\"size-full wp-image-2622 alignleft\" src=\"http:\/\/faune-reunion.com\/blog\/wp-content\/uploads\/2016\/11\/caille-peinte.jpg\" alt=\"Caille de Chine - Caille peinte - Coturnix chinensis - King Quail\" width=\"126\" height=\"125\"><\/p>\n<p>Caille de Chine &#8211; Caille peinte (Coturnix chinensis &#8211; King Quail)<\/p>\n<p>&nbsp;<\/p>\n<p>&nbsp;<\/p>\n<p><img loading=\"lazy\" decoding=\"async\" class=\"size-full wp-image-2623 alignleft\" src=\"http:\/\/faune-reunion.com\/blog\/wp-content\/uploads\/2016\/11\/cardinal.jpg\" alt=\"Cardinal - Foudi rouge - Foudia madagascariensis - Red Fody\" width=\"126\" height=\"125\"><\/p>\n<p><a href=\"http:\/\/faune-reunion.com\/blog\/faune\/nggallery\/faune\/cardinal\">Cardinal<\/a> &#8211; Foudi rouge (Foudia madagascariensis &#8211; Red Fody)<\/p>\n<p>&nbsp;<\/p>\n<p>&nbsp;<\/p>\n<p><img loading=\"lazy\" decoding=\"async\" class=\"size-full wp-image-2624 alignleft\" src=\"http:\/\/faune-reunion.com\/blog\/wp-content\/uploads\/2016\/11\/chakouat.jpg\" alt=\"Chakouat - Oiseau la vierge - Terpsiphone de Bourbon - Terpsiphone bourbonnensis - Mascarene Paradise Flycatcher\" width=\"126\" height=\"125\"><\/p>\n<p><a href=\"http:\/\/faune-reunion.com\/blog\/faune\/nggallery\/faune\/oiseau-la-vierge\">Chakouat <\/a>&#8211; Oiseau la vierge &#8211; Terpsiphone de Bourbon (Terpsiphone bourbonnensis &#8211; Mascarene Paradise Flycatcher)<\/p>\n<p>&nbsp;<\/p>\n<p><img loading=\"lazy\" decoding=\"async\" class=\"size-full wp-image-2625 alignleft\" src=\"http:\/\/faune-reunion.com\/blog\/wp-content\/uploads\/2016\/11\/coq.jpg\" alt=\"Coq sauvage - Coq bankiva - Gallus gallus - Red Junglefowl\" width=\"126\" height=\"125\"><\/p>\n<p>Coq sauvage &#8211; Coq bankiva (Gallus gallus &#8211; Red Junglefowl)<\/p>\n<p>&nbsp;<\/p>\n<p>&nbsp;<\/p>\n<p>Le nombre d&rsquo;esp\u00e8ces d&rsquo;oiseaux nicheurs sur l&rsquo;\u00eele est en \u00e9volution \u00e0 cause des introductions d&rsquo;esp\u00e8ces exotiques. Certaines comme le merle Maurice (bulbul orph\u00e9e) se sont tr\u00e8s (trop) bien acclimat\u00e9es et sont devenues envahissantes.<\/p>\n<p>Et enfin, deux esp\u00e8ces dont la reproduction n&rsquo;est pas confirm\u00e9e sur l&rsquo;\u00eele.<\/p>\n<p><img loading=\"lazy\" decoding=\"async\" class=\"size-full wp-image-2601 alignleft\" src=\"http:\/\/faune-reunion.com\/blog\/wp-content\/uploads\/2016\/11\/perruche.jpg\" alt=\"Perruche verte - Perruche \u00e0 collier - Psittacula krameri - Rose-ringed Parakeet\" width=\"126\" height=\"125\"><\/p>\n<p>Perruche verte &#8211; Perruche \u00e0 collier (Psittacula krameri &#8211; Rose-ringed Parakeet)<\/p>\n<p>&nbsp;<\/p>\n<p><img loading=\"lazy\" decoding=\"async\" class=\"size-full wp-image-2589 alignleft\" src=\"http:\/\/faune-reunion.com\/blog\/wp-content\/uploads\/2016\/11\/mainate.jpg\" alt=\"Mainate religieux - Gracula religiosa\" width=\"126\" height=\"125\"><\/p>\n<p>Mainate religieux (Gracula religiosa &#8211; Common Hill Myna)<\/p>\n","protected":false},"excerpt":{"rendered":"<p>Voici une liste exhaustive des oiseaux qui nichent \u00e0 La R\u00e9union, soit 40 esp\u00e8ces : Nom cr\u00e9ole &#8211; nom fran\u00e7ais (nom latin &#8211; english name) &nbsp; Coutil &#8211; Capucin damier (Lonchura punctulata &#8211; Scaly-breasted Munia) &nbsp; &nbsp; Faisan de Colchide (Phasianus colchicus &#8211; Common Pheasant) &nbsp; &nbsp; Perdrix &#8211; Francolin \u2026<\/p>\n<p class=\"continue-reading-button\"> <a class=\"continue-reading-link\" href=\"https:\/\/faune-reunion.com\/blog\/les-oiseaux-nicheurs-de-la-reunion\/\">Lire la suite&#8230;<i class=\"crycon-right-dir\"><\/i><\/a><\/p>\n","protected":false},"author":1,"featured_media":0,"parent":0,"menu_order":2,"comment_status":"closed","ping_status":"closed","template":"","meta":{"_monsterinsights_skip_tracking":false,"_monsterinsights_sitenote_active":false,"_monsterinsights_sitenote_note":"","_monsterinsights_sitenote_category":0,"_uf_show_specific_survey":0,"_uf_disable_surveys":false,"ngg_post_thumbnail":0,"footnotes":""},"class_list":["post-2583","page","type-page","status-publish","hentry"],"aioseo_notices":[],"_links":{"self":[{"href":"https:\/\/faune-reunion.com\/blog\/wp-json\/wp\/v2\/pages\/2583","targetHints":{"allow":["GET"]}}],"collection":[{"href":"https:\/\/faune-reunion.com\/blog\/wp-json\/wp\/v2\/pages"}],"about":[{"href":"https:\/\/faune-reunion.com\/blog\/wp-json\/wp\/v2\/types\/page"}],"author":[{"embeddable":true,"href":"https:\/\/faune-reunion.com\/blog\/wp-json\/wp\/v2\/users\/1"}],"replies":[{"embeddable":true,"href":"https:\/\/faune-reunion.com\/blog\/wp-json\/wp\/v2\/comments?post=2583"}],"version-history":[{"count":17,"href":"https:\/\/faune-reunion.com\/blog\/wp-json\/wp\/v2\/pages\/2583\/revisions"}],"predecessor-version":[{"id":2863,"href":"https:\/\/faune-reunion.com\/blog\/wp-json\/wp\/v2\/pages\/2583\/revisions\/2863"}],"wp:attachment":[{"href":"https:\/\/faune-reunion.com\/blog\/wp-json\/wp\/v2\/media?parent=2583"}],"curies":[{"name":"wp","href":"https:\/\/api.w.org\/{rel}","templated":true}]}}