{"id":4081,"date":"2025-11-01T16:06:00","date_gmt":"2025-11-01T12:06:00","guid":{"rendered":"https:\/\/faune-reunion.com\/blog\/?page_id=4081"},"modified":"2025-11-01T19:43:58","modified_gmt":"2025-11-01T15:43:58","slug":"identifier-les-oiseaux","status":"publish","type":"page","link":"https:\/\/faune-reunion.com\/blog\/identifier-les-oiseaux\/","title":{"rendered":"Diff\u00e9rencier les oiseaux"},"content":{"rendered":"\n<p>Reconna\u00eetre les oiseaux n\u2019est pas toujours simple, surtout quand certaines esp\u00e8ces se ressemblent beaucoup ! \u00c0 La R\u00e9union, plusieurs oiseaux pr\u00e9sentent des couleurs, des tailles ou des comportements proches. Pour vous aider \u00e0 identifier les oiseaux r\u00e9unionnais, je vous propose ici une s\u00e9rie de photos comparatives accompagn\u00e9es de quelques rep\u00e8res visuels.<br>Ces images vous permettront de mieux comprendre les diff\u00e9rences entre esp\u00e8ces souvent confondues, que vous soyez ornithologue amateur, photographe animalier, ou simplement curieux de nature.<\/p>\n\n\n\n<h2 class=\"wp-block-heading\">Comparaisons disponibles :<br><\/h2>\n\n\n\n<figure class=\"wp-block-image size-medium\"><a href=\"https:\/\/faune-reunion.com\/blog\/cardinal-ou-moineau\/\"><img loading=\"lazy\" decoding=\"async\" width=\"500\" height=\"235\" src=\"https:\/\/faune-reunion.com\/blog\/wp-content\/uploads\/2025\/11\/cadinal-moineau_w-500x235.webp\" alt=\"foudi de madagascar vs moineau domestique femelle\" class=\"wp-image-4066\" srcset=\"https:\/\/faune-reunion.com\/blog\/wp-content\/uploads\/2025\/11\/cadinal-moineau_w-500x235.webp 500w, https:\/\/faune-reunion.com\/blog\/wp-content\/uploads\/2025\/11\/cadinal-moineau_w-800x376.webp 800w, https:\/\/faune-reunion.com\/blog\/wp-content\/uploads\/2025\/11\/cadinal-moineau_w-768x361.webp 768w, https:\/\/faune-reunion.com\/blog\/wp-content\/uploads\/2025\/11\/cadinal-moineau_w-150x71.webp 150w, https:\/\/faune-reunion.com\/blog\/wp-content\/uploads\/2025\/11\/cadinal-moineau_w-318x150.webp 318w, https:\/\/faune-reunion.com\/blog\/wp-content\/uploads\/2025\/11\/cadinal-moineau_w.webp 850w\" sizes=\"auto, (max-width: 500px) 100vw, 500px\" \/><\/a><\/figure>\n\n\n\n<p><strong><a href=\"https:\/\/faune-reunion.com\/blog\/cardinal-ou-moineau\/\" title=\"Cardinal ou moineau ?\">Cardinal vs Moineau<\/a><\/strong><br>Deux oiseaux communs \u00e0 La R\u00e9union, souvent observ\u00e9s pr\u00e8s des habitations. Si le rouge vif du Cardinal m\u00e2le et le plumage contrast\u00e9 du moineau m\u00e2les, les rendent facilement reconnaissables. Mais pour les femelles, c&rsquo;est bien moins \u00e9vident.<\/p>\n\n\n\n<hr class=\"wp-block-separator has-alpha-channel-opacity\"\/>\n\n\n\n<figure class=\"wp-block-image size-medium\"><a href=\"https:\/\/faune-reunion.com\/blog\/hirondelles-ou-salanganes\/\"><img loading=\"lazy\" decoding=\"async\" width=\"500\" height=\"235\" src=\"https:\/\/faune-reunion.com\/blog\/wp-content\/uploads\/2025\/11\/hirond-salan_w-500x235.webp\" alt=\"hirondelle et salangane\" class=\"wp-image-4067\" srcset=\"https:\/\/faune-reunion.com\/blog\/wp-content\/uploads\/2025\/11\/hirond-salan_w-500x235.webp 500w, https:\/\/faune-reunion.com\/blog\/wp-content\/uploads\/2025\/11\/hirond-salan_w-800x376.webp 800w, https:\/\/faune-reunion.com\/blog\/wp-content\/uploads\/2025\/11\/hirond-salan_w-768x361.webp 768w, https:\/\/faune-reunion.com\/blog\/wp-content\/uploads\/2025\/11\/hirond-salan_w-150x71.webp 150w, https:\/\/faune-reunion.com\/blog\/wp-content\/uploads\/2025\/11\/hirond-salan_w-318x150.webp 318w, https:\/\/faune-reunion.com\/blog\/wp-content\/uploads\/2025\/11\/hirond-salan_w.webp 850w\" sizes=\"auto, (max-width: 500px) 100vw, 500px\" \/><\/a><\/figure>\n\n\n\n<p><strong><a href=\"https:\/\/faune-reunion.com\/blog\/hirondelles-ou-salanganes\/\" title=\"Hirondelles ou salanganes ?\">Hirondelle vs Salangane<\/a><\/strong><br>Ces as du vol rapide se distinguent par la forme de leurs ailes et leur mani\u00e8re de voler. Les salanganes sont plus petites et poss\u00e8dent des ailes plus arqu\u00e9es que les hirondelles.<\/p>\n\n\n\n<hr class=\"wp-block-separator has-alpha-channel-opacity\"\/>\n\n\n\n<figure class=\"wp-block-image size-medium\"><a href=\"https:\/\/faune-reunion.com\/blog\/noddi-brun-ou-noddi-a-bec-grele\/\"><img loading=\"lazy\" decoding=\"async\" width=\"500\" height=\"147\" src=\"https:\/\/faune-reunion.com\/blog\/wp-content\/uploads\/2025\/11\/noddi-noddi_w-500x147.webp\" alt=\"noddi brun et noddi \u00e0 bec gr\u00eale\" class=\"wp-image-4068\" srcset=\"https:\/\/faune-reunion.com\/blog\/wp-content\/uploads\/2025\/11\/noddi-noddi_w-500x147.webp 500w, https:\/\/faune-reunion.com\/blog\/wp-content\/uploads\/2025\/11\/noddi-noddi_w-800x235.webp 800w, https:\/\/faune-reunion.com\/blog\/wp-content\/uploads\/2025\/11\/noddi-noddi_w-768x226.webp 768w, https:\/\/faune-reunion.com\/blog\/wp-content\/uploads\/2025\/11\/noddi-noddi_w-150x44.webp 150w, https:\/\/faune-reunion.com\/blog\/wp-content\/uploads\/2025\/11\/noddi-noddi_w.webp 850w\" sizes=\"auto, (max-width: 500px) 100vw, 500px\" \/><\/a><\/figure>\n\n\n\n<p><strong><a href=\"https:\/\/faune-reunion.com\/blog\/noddi-brun-ou-noddi-a-bec-grele\/\" title=\"Noddi brun ou noddi \u00e0 bec gr\u00eale ?\">Noddi brun vs Noddi \u00e0 bec gr\u00eale<\/a><\/strong><br>Ces oiseaux marins nichant en colonie se diff\u00e9rencient assez facilement par la forme du bec.<\/p>\n\n\n\n<hr class=\"wp-block-separator has-alpha-channel-opacity\"\/>\n\n\n\n<figure class=\"wp-block-image size-medium\"><a href=\"https:\/\/faune-reunion.com\/blog\/quel-est-donc-cet-oiseau\/\"><img loading=\"lazy\" decoding=\"async\" width=\"500\" height=\"235\" src=\"https:\/\/faune-reunion.com\/blog\/wp-content\/uploads\/2025\/11\/martin-mainate-500x235.webp\" alt=\"martin triste et mainate religieux\" class=\"wp-image-4069\" srcset=\"https:\/\/faune-reunion.com\/blog\/wp-content\/uploads\/2025\/11\/martin-mainate-500x235.webp 500w, https:\/\/faune-reunion.com\/blog\/wp-content\/uploads\/2025\/11\/martin-mainate-800x376.webp 800w, https:\/\/faune-reunion.com\/blog\/wp-content\/uploads\/2025\/11\/martin-mainate-768x361.webp 768w, https:\/\/faune-reunion.com\/blog\/wp-content\/uploads\/2025\/11\/martin-mainate-150x71.webp 150w, https:\/\/faune-reunion.com\/blog\/wp-content\/uploads\/2025\/11\/martin-mainate-318x150.webp 318w, https:\/\/faune-reunion.com\/blog\/wp-content\/uploads\/2025\/11\/martin-mainate.webp 850w\" sizes=\"auto, (max-width: 500px) 100vw, 500px\" \/><\/a><\/figure>\n\n\n\n<p><strong><a href=\"https:\/\/faune-reunion.com\/blog\/quel-est-donc-cet-oiseau\/\" title=\"Quel est donc cet oiseau ?\">Martin triste vs Mainate religieux<\/a><\/strong><br>Deux oiseaux bruyants, mais au plumage et au comportement bien distincts. Le mainate, souvent plus gros, arbore des marques jaunes autour des yeux, tandis que le martin est plus \u00e9lanc\u00e9.<\/p>\n\n\n\n<hr class=\"wp-block-separator has-alpha-channel-opacity\"\/>\n\n\n\n<figure class=\"wp-block-image size-medium\"><a href=\"https:\/\/faune-reunion.com\/blog\/la-perdrix-de-madagascar-francolin\/\"><img loading=\"lazy\" decoding=\"async\" width=\"500\" height=\"235\" src=\"https:\/\/faune-reunion.com\/blog\/wp-content\/uploads\/2025\/11\/perdrix-madagascar-francolin-gris-500x235.webp\" alt=\"Francolin gris vs Perdrix de Madagascar\" class=\"wp-image-4070\" srcset=\"https:\/\/faune-reunion.com\/blog\/wp-content\/uploads\/2025\/11\/perdrix-madagascar-francolin-gris-500x235.webp 500w, https:\/\/faune-reunion.com\/blog\/wp-content\/uploads\/2025\/11\/perdrix-madagascar-francolin-gris-800x376.webp 800w, https:\/\/faune-reunion.com\/blog\/wp-content\/uploads\/2025\/11\/perdrix-madagascar-francolin-gris-768x361.webp 768w, https:\/\/faune-reunion.com\/blog\/wp-content\/uploads\/2025\/11\/perdrix-madagascar-francolin-gris-150x71.webp 150w, https:\/\/faune-reunion.com\/blog\/wp-content\/uploads\/2025\/11\/perdrix-madagascar-francolin-gris-318x150.webp 318w, https:\/\/faune-reunion.com\/blog\/wp-content\/uploads\/2025\/11\/perdrix-madagascar-francolin-gris.webp 850w\" sizes=\"auto, (max-width: 500px) 100vw, 500px\" \/><\/a><\/figure>\n\n\n\n<p><strong><a href=\"https:\/\/faune-reunion.com\/blog\/la-perdrix-de-madagascar-francolin\/\" title=\"La perdrix de Madagascar (francolin)\">Francolin gris vs Perdrix de Madagascar<\/a><\/strong><br>Deux galliformes terrestres souvent observ\u00e9s dans les zones agricoles et les sous-bois de La R\u00e9union. Mais la perdrix est un oiseau des hauts de l&rsquo;\u00eele alors que le francolin affectionne les bas. Le cri du francolin, plus puissant et r\u00e9p\u00e9t\u00e9, est aussi un bon indice d\u2019identification sur le terrain.<\/p>\n\n\n\n<hr class=\"wp-block-separator has-alpha-channel-opacity\"\/>\n\n\n\n<figure class=\"wp-block-image size-full\"><a href=\"https:\/\/faune-reunion.com\/blog\/les-cailles-de-bourbon\/\"><img loading=\"lazy\" decoding=\"async\" width=\"600\" height=\"441\" src=\"https:\/\/faune-reunion.com\/blog\/wp-content\/uploads\/2014\/01\/cailles.jpg\" alt=\"les &quot;cailles&quot; de La R\u00e9union\" class=\"wp-image-505\" srcset=\"https:\/\/faune-reunion.com\/blog\/wp-content\/uploads\/2014\/01\/cailles.jpg 600w, https:\/\/faune-reunion.com\/blog\/wp-content\/uploads\/2014\/01\/cailles-300x220.jpg 300w, https:\/\/faune-reunion.com\/blog\/wp-content\/uploads\/2014\/01\/cailles-408x300.jpg 408w\" sizes=\"auto, (max-width: 600px) 100vw, 600px\" \/><\/a><\/figure>\n\n\n\n<p><strong>De mani\u00e8re g\u00e9n\u00e9ral, voici une pr\u00e9sentation des <a href=\"https:\/\/faune-reunion.com\/blog\/les-cailles-de-bourbon\/\" title=\"Les \u00abcailles\u00bb de Bourbon\">Cailles \u00e0 La R\u00e9union<\/a><\/strong><br>Plusieurs esp\u00e8ces de cailles fr\u00e9quentent les champs et les zones herbeuses. D\u00e9couvrez leurs motifs de plumage et leurs habitudes au sol pour ne plus les confondre.<\/p>\n\n\n\n<hr class=\"wp-block-separator has-alpha-channel-opacity\"\/>\n\n\n\n<h2 class=\"wp-block-heading\">Participez \u00e0 l\u2019identification des oiseaux de La R\u00e9union<\/h2>\n\n\n\n<p>N&rsquo;h\u00e9sitez pas \u00e0 signaler vos observations sur le site participatif <a href=\"https:\/\/www.faune-reunion.fr\/\" target=\"_blank\" rel=\"noopener\" title=\"\">faune-reunion.fr<\/a><br><strong>Vous avez du mal \u00e0 diff\u00e9rencier certaines esp\u00e8ces ?<\/strong><br><strong><a href=\"https:\/\/faune-reunion.com\/blog\/contact\/\" title=\"Contact\">Laissez-moi un message<\/a><\/strong> pour me dire lesquelles, et je pourrai ajouter de nouvelles comparaisons dans les prochaines mises \u00e0 jour.<br>Et pour aller plus loin, d\u00e9couvrez <a href=\"https:\/\/www.youtube.com\/watch?v=t2X6l9VRoDs&amp;list=PLixuENO80mLkHEMLUA-0-OAZkyUc68r04\" target=\"_blank\" rel=\"noopener\" title=\"\">les oiseaux de La R\u00e9union<\/a> en vid\u00e9o sur ma cha\u00eene YouTube : comportements, chants, astuces d\u2019identification et images film\u00e9es dans leur habitat naturel \u00e0 La R\u00e9union<\/p>\n","protected":false},"excerpt":{"rendered":"<p>Reconna\u00eetre les oiseaux n\u2019est pas toujours simple, surtout quand certaines esp\u00e8ces se ressemblent beaucoup ! \u00c0 La R\u00e9union, plusieurs oiseaux pr\u00e9sentent des couleurs, des tailles ou des comportements proches. Pour vous aider \u00e0 identifier les oiseaux r\u00e9unionnais, je vous propose ici une s\u00e9rie de photos comparatives accompagn\u00e9es de quelques rep\u00e8res \u2026<\/p>\n<p class=\"continue-reading-button\"> <a class=\"continue-reading-link\" href=\"https:\/\/faune-reunion.com\/blog\/identifier-les-oiseaux\/\">Lire la suite&#8230;<i class=\"crycon-right-dir\"><\/i><\/a><\/p>\n","protected":false},"author":1,"featured_media":0,"parent":0,"menu_order":0,"comment_status":"closed","ping_status":"closed","template":"","meta":{"_monsterinsights_skip_tracking":false,"_monsterinsights_sitenote_active":false,"_monsterinsights_sitenote_note":"","_monsterinsights_sitenote_category":0,"_uf_show_specific_survey":0,"_uf_disable_surveys":false,"ngg_post_thumbnail":0,"footnotes":""},"class_list":["post-4081","page","type-page","status-publish","hentry"],"aioseo_notices":[],"_links":{"self":[{"href":"https:\/\/faune-reunion.com\/blog\/wp-json\/wp\/v2\/pages\/4081","targetHints":{"allow":["GET"]}}],"collection":[{"href":"https:\/\/faune-reunion.com\/blog\/wp-json\/wp\/v2\/pages"}],"about":[{"href":"https:\/\/faune-reunion.com\/blog\/wp-json\/wp\/v2\/types\/page"}],"author":[{"embeddable":true,"href":"https:\/\/faune-reunion.com\/blog\/wp-json\/wp\/v2\/users\/1"}],"replies":[{"embeddable":true,"href":"https:\/\/faune-reunion.com\/blog\/wp-json\/wp\/v2\/comments?post=4081"}],"version-history":[{"count":9,"href":"https:\/\/faune-reunion.com\/blog\/wp-json\/wp\/v2\/pages\/4081\/revisions"}],"predecessor-version":[{"id":4131,"href":"https:\/\/faune-reunion.com\/blog\/wp-json\/wp\/v2\/pages\/4081\/revisions\/4131"}],"wp:attachment":[{"href":"https:\/\/faune-reunion.com\/blog\/wp-json\/wp\/v2\/media?parent=4081"}],"curies":[{"name":"wp","href":"https:\/\/api.w.org\/{rel}","templated":true}]}}