{"id":4094,"date":"2025-11-01T17:05:37","date_gmt":"2025-11-01T13:05:37","guid":{"rendered":"https:\/\/faune-reunion.com\/blog\/?page_id=4094"},"modified":"2025-11-01T17:22:41","modified_gmt":"2025-11-01T13:22:41","slug":"yabalex-newsletter","status":"publish","type":"page","link":"https:\/\/faune-reunion.com\/blog\/yabalex-newsletter\/","title":{"rendered":"Ma newsletter"},"content":{"rendered":"\n<h3 class=\"wp-block-heading\">Rejoignez ma newsletter : Yabalex &#8211; nature &amp; photo<\/h3>\n\n\n\n<p>Envie de ne rien manquer des derni\u00e8res explorations, conseils photo et actualit\u00e9s autour de la nature ?<br>Inscrivez-vous \u00e0 ma <strong>newsletter<\/strong> pour recevoir directement dans votre bo\u00eete mail :<\/p>\n\n\n\n<ul class=\"wp-block-list\">\n<li>\u2192 des r\u00e9cits d\u2019observations et de terrain,<\/li>\n\n\n\n<li>\u2192 des astuces pour progresser en photographie animali\u00e8re,<\/li>\n\n\n\n<li>\u2192 des r\u00e9flexions sur la faune, l\u2019\u00e9thique et la pr\u00e9servation de la nature,<\/li>\n\n\n\n<li>\u2192 les coulisses de mes projets vid\u00e9os et documentaires.<\/li>\n\n\n\n<li>\u2192 juste 3 ou 4 emails par an<\/li>\n<\/ul>\n\n\n\n<p>Pas de spam, pas de blabla : juste un partage sinc\u00e8re entre passionn\u00e9s de nature et d\u2019images.<\/p>\n\n\n\n<p> <strong>Inscrivez-vous d\u00e8s maintenant<\/strong> et embarquez avec moi \u00e0 la d\u00e9couverte du monde sauvage.<\/p>\n\n\n\n<iframe loading=\"lazy\" width=\"540\" height=\"805\" src=\"https:\/\/b9f332d8.sibforms.com\/serve\/MUIFAPgHc1qmPibPkSJoLAR__UBjGqZrcCi3NCxJ_JoupyMNRifjIJ8Ge-6mOxWchEMikZ0xLQE58dv0ercmh5bhU7IfTEiYrEYK90v4LxHVKvexz34H69wuU4pB-OXqdn0WvB2vbS4DW8OQvsLkg9CwWX5eFdx_tw6_TnNgAx7FAy-OUDTSksov4sxQExJnCXjQ0mHk_tqRR4Sr\" frameborder=\"0\" scrolling=\"auto\" allowfullscreen style=\"display: block;margin-left: auto;margin-right: auto;max-width: 100%;\"><\/iframe>\n\n\n\n<p><\/p>\n\n\n\n<p>Sinon, vous pouvez suivre <a href=\"https:\/\/www.youtube.com\/user\/yabalex\" target=\"_blank\" rel=\"noopener\" title=\"\">ma chaine Youtube \u2192 Yabalex<\/a><\/p>\n\n\n\n<hr class=\"wp-block-separator has-alpha-channel-opacity\"\/>\n\n\n\n<figure class=\"wp-block-image size-full\"><img loading=\"lazy\" decoding=\"async\" width=\"800\" height=\"277\" src=\"https:\/\/faune-reunion.com\/blog\/wp-content\/uploads\/2025\/11\/Yabalex_T3A8590_w.webp\" alt=\"tec-tec male et femelle\" class=\"wp-image-4092\" srcset=\"https:\/\/faune-reunion.com\/blog\/wp-content\/uploads\/2025\/11\/Yabalex_T3A8590_w.webp 800w, https:\/\/faune-reunion.com\/blog\/wp-content\/uploads\/2025\/11\/Yabalex_T3A8590_w-500x173.webp 500w, https:\/\/faune-reunion.com\/blog\/wp-content\/uploads\/2025\/11\/Yabalex_T3A8590_w-768x266.webp 768w, https:\/\/faune-reunion.com\/blog\/wp-content\/uploads\/2025\/11\/Yabalex_T3A8590_w-150x52.webp 150w\" sizes=\"auto, (max-width: 800px) 100vw, 800px\" \/><\/figure>\n\n\n\n<p><\/p>\n","protected":false},"excerpt":{"rendered":"<p>Rejoignez ma newsletter : Yabalex &#8211; nature &amp; photo Envie de ne rien manquer des derni\u00e8res explorations, conseils photo et actualit\u00e9s autour de la nature ?Inscrivez-vous \u00e0 ma newsletter pour recevoir directement dans votre bo\u00eete mail : \u2192 des r\u00e9cits d\u2019observations et de terrain, \u2192 des astuces pour progresser en \u2026<\/p>\n<p class=\"continue-reading-button\"> <a class=\"continue-reading-link\" href=\"https:\/\/faune-reunion.com\/blog\/yabalex-newsletter\/\">Lire la suite&#8230;<i class=\"crycon-right-dir\"><\/i><\/a><\/p>\n","protected":false},"author":1,"featured_media":0,"parent":0,"menu_order":0,"comment_status":"closed","ping_status":"closed","template":"","meta":{"_monsterinsights_skip_tracking":false,"_monsterinsights_sitenote_active":false,"_monsterinsights_sitenote_note":"","_monsterinsights_sitenote_category":0,"_uf_show_specific_survey":0,"_uf_disable_surveys":false,"ngg_post_thumbnail":0,"footnotes":""},"class_list":["post-4094","page","type-page","status-publish","hentry"],"aioseo_notices":[],"_links":{"self":[{"href":"https:\/\/faune-reunion.com\/blog\/wp-json\/wp\/v2\/pages\/4094","targetHints":{"allow":["GET"]}}],"collection":[{"href":"https:\/\/faune-reunion.com\/blog\/wp-json\/wp\/v2\/pages"}],"about":[{"href":"https:\/\/faune-reunion.com\/blog\/wp-json\/wp\/v2\/types\/page"}],"author":[{"embeddable":true,"href":"https:\/\/faune-reunion.com\/blog\/wp-json\/wp\/v2\/users\/1"}],"replies":[{"embeddable":true,"href":"https:\/\/faune-reunion.com\/blog\/wp-json\/wp\/v2\/comments?post=4094"}],"version-history":[{"count":8,"href":"https:\/\/faune-reunion.com\/blog\/wp-json\/wp\/v2\/pages\/4094\/revisions"}],"predecessor-version":[{"id":4102,"href":"https:\/\/faune-reunion.com\/blog\/wp-json\/wp\/v2\/pages\/4094\/revisions\/4102"}],"wp:attachment":[{"href":"https:\/\/faune-reunion.com\/blog\/wp-json\/wp\/v2\/media?parent=4094"}],"curies":[{"name":"wp","href":"https:\/\/api.w.org\/{rel}","templated":true}]}}